{"id":747,"date":"2015-01-16T16:45:36","date_gmt":"2015-01-16T16:45:36","guid":{"rendered":"http:\/\/lasertecbrasil.com.br\/?page_id=747"},"modified":"2016-09-16T16:36:44","modified_gmt":"2016-09-16T16:36:44","slug":"gravadora-a-laser-linha-trumark-da-trumpf","status":"publish","type":"page","link":"https:\/\/lasertecbrasil.com.br\/index.php\/produtos\/gravadora-a-laser-linha-trumark-da-trumpf\/","title":{"rendered":"Gravadora a Laser &#8211; Linha TruMark da TRUMPF"},"content":{"rendered":"<p><iframe loading=\"lazy\" src=\"\/\/www.youtube.com\/embed\/CAUlnUkG7Ow\" width=\"448\" height=\"252\" frameborder=\"0\" allowfullscreen=\"allowfullscreen\"><\/iframe><\/p>\n<h3><\/h3>\n<h2><img loading=\"lazy\" decoding=\"async\" class=\"alignleft wp-image-755\" src=\"http:\/\/lasertecbrasil.com.br\/wp-content\/uploads\/2015\/01\/TruMark-Series-6000.jpg\" alt=\"TruMark Series 6000\" width=\"120\" height=\"136\" \/>TruMark Series 6000<\/h2>\n<p>Ferramentas de alto desempenho para prazos extremamente curtos de processamento e precis\u00e3o m\u00e1xima de marca\u00e7\u00e3o, com alta estabilidade. Componentes pesados.<\/p>\n<p><a href=\"http:\/\/www.us.trumpf.com\/en\/products\/laser-technology\/products\/marking-lasers\/oem-marking-lasers\/trumark-series-6000.html\" target=\"_blank\">Mais detalhes<\/a><\/p>\n<p>&nbsp;<\/p>\n<p><img loading=\"lazy\" decoding=\"async\" class=\"alignleft wp-image-764\" style=\"font-size: 1.17em; font-weight: bold; letter-spacing: 0.025em; text-transform: uppercase;\" src=\"http:\/\/lasertecbrasil.com.br\/wp-content\/uploads\/2015\/01\/TruMark-5010.jpg\" alt=\"\" width=\"126\" height=\"129\" \/><\/p>\n<h2>TruMark 5010 Mobile Marker<\/h2>\n<p>Flex\u00edvel marca\u00e7\u00e3o a laser m\u00f3vel, de marca\u00e7\u00e3o permanente para componentes grandes e pesados.<\/p>\n<p><a href=\"http:\/\/www.us.trumpf.com\/en\/products\/laser-technology\/products\/marking-lasers\/mobile-marker.html\" target=\"_blank\">Mais detalhes\u00a0<\/a><\/p>\n<p>&nbsp;<\/p>\n<h2>TruMark Series 5000<img loading=\"lazy\" decoding=\"async\" class=\"alignleft wp-image-768\" src=\"http:\/\/lasertecbrasil.com.br\/wp-content\/uploads\/2015\/01\/TruMark-Series-5000.jpg\" alt=\"\" width=\"121\" height=\"166\" \/><\/h2>\n<p>Especialista em alta velocidade de processamento atrav\u00e9s de freq\u00fc\u00eancias altas de pulso.<\/p>\n<p>Eles tamb\u00e9m possuem dura\u00e7\u00e3o de pulso ajust\u00e1vel.<\/p>\n<p><a href=\"http:\/\/www.us.trumpf.com\/en\/products\/laser-technology\/products\/marking-lasers\/oem-marking-lasers\/trumark-series-5000.html\" target=\"_blank\">Mais detalhes<\/a><\/p>\n<p>&nbsp;<\/p>\n<p><img loading=\"lazy\" decoding=\"async\" class=\"alignleft wp-image-770\" style=\"font-size: 1.17em; font-weight: bold; letter-spacing: 0.025em; text-transform: uppercase;\" src=\"http:\/\/lasertecbrasil.com.br\/wp-content\/uploads\/2015\/01\/TruMark-Station-7000.jpg\" alt=\"\" width=\"120\" height=\"124\" \/><\/p>\n<h2>TruMark Station 7000<\/h2>\n<p>Esta\u00e7\u00e3o de trabalho a laser, com um muito espa\u00e7o para a marca\u00e7\u00e3o de pe\u00e7as grandes e pesados, bem como pe\u00e7as menores dispostas em uma fileira.<\/p>\n<p><a href=\"http:\/\/www.us.trumpf.com\/en\/products\/laser-technology\/products\/marking-lasers\/workstations\/trumark-station-7000.html\" target=\"_blank\">Mais detalhes\u00a0<\/a><\/p>\n<p>&nbsp;<\/p>\n<h2><span style=\"color: #444444; font-family: 'Helvetica Neue', Arial, Helvetica, 'Nimbus Sans L', sans-serif; font-size: 1.17em; font-weight: bold; letter-spacing: 0.025em; text-transform: uppercase;\"><img loading=\"lazy\" decoding=\"async\" class=\"alignleft wp-image-772\" src=\"http:\/\/lasertecbrasil.com.br\/wp-content\/uploads\/2015\/01\/TruMark-Series-3000.jpg\" alt=\"\" width=\"120\" height=\"146\" \/><\/span>TruMark Series 3000<\/h2>\n<p>Solu\u00e7\u00e3o de integra\u00e7\u00e3o flex\u00edvel para o custo-benef\u00edcio de marca\u00e7\u00e3o.<\/p>\n<p><a href=\"http:\/\/www.us.trumpf.com\/en\/products\/laser-technology\/products\/marking-lasers\/oem-marking-lasers\/trumark-series-3000.html\" target=\"_blank\">Mais detalhes<\/a><\/p>\n<p><span style=\"color: #444444;\">\u00a0<\/span><\/p>\n<p>&nbsp;<\/p>\n<h2><img loading=\"lazy\" decoding=\"async\" class=\"alignleft wp-image-776\" src=\"http:\/\/lasertecbrasil.com.br\/wp-content\/uploads\/2015\/01\/TruMark-Station-5000.jpg\" alt=\"\" width=\"120\" height=\"129\" \/>TruMark Station 5000<\/h2>\n<p>Esta\u00e7\u00e3o de trabalho a laser compacto com design ergon\u00f3mico para uma ampla variedade de marca\u00e7\u00f5es.<\/p>\n<p><a href=\"http:\/\/www.us.trumpf.com\/en\/products\/laser-technology\/products\/marking-lasers\/workstations\/trumark-station-5000.html\" target=\"_blank\">Mais detalhes<\/a><\/p>\n<p>&nbsp;<\/p>\n<h2><img loading=\"lazy\" decoding=\"async\" class=\"alignleft wp-image-778\" src=\"http:\/\/lasertecbrasil.com.br\/wp-content\/uploads\/2015\/01\/TruMark-Series-1000.jpg\" alt=\"\" width=\"120\" height=\"112\" \/>TruMark Series 1000<\/h2>\n<p>Compacto, o custo-benef\u00edcio e integra\u00e7\u00e3o all-in-one de marca\u00e7\u00e3o a laser.<\/p>\n<p>&nbsp;<\/p>\n<p>&nbsp;<\/p>\n<h2><img loading=\"lazy\" decoding=\"async\" class=\"alignleft wp-image-779\" src=\"http:\/\/lasertecbrasil.com.br\/wp-content\/uploads\/2015\/01\/TruMark-Station-1000.jpg\" alt=\"\" width=\"120\" height=\"127\" \/>TruMark Station 1000<\/h2>\n<p>Esta\u00e7\u00e3o de trabalho m\u00f3vel a laser de mesa flex\u00edvel, para a marca\u00e7\u00e3o de pe\u00e7as pequenas.<\/p>\n<p><a href=\"http:\/\/www.us.trumpf.com\/en\/products\/laser-technology\/products\/marking-lasers\/workstations\/trumark-station-1000.html\" target=\"_blank\">Mais detalhes<\/a><\/p>\n<p>&nbsp;<\/p>\n<h5>Mais sobre as Gravadoras a Laser:<\/h5>\n<ul>\n<li><a href=\"https:\/\/www.youtube.com\/watch?v=hE_p1dDiTfs\" target=\"_blank\">https:\/\/www.youtube.com\/watch?v=hE_p1dDiTfs<\/a><\/li>\n<li><a href=\"https:\/\/www.youtube.com\/watch?v=OIaP8uFZy34\" target=\"_blank\">https:\/\/www.youtube.com\/watch?v=OIaP8uFZy34<\/a><\/li>\n<li><a href=\"https:\/\/www.youtube.com\/watch?v=-KxlIcyjaEA\" target=\"_blank\">https:\/\/www.youtube.com\/watch?v=-KxlIcyjaEA<\/a><\/li>\n<li><a href=\"https:\/\/www.youtube.com\/watch?v=RuHxD0N6khM\" target=\"_blank\">https:\/\/www.youtube.com\/watch?v=RuHxD0N6khM<\/a><\/li>\n<\/ul>\n<p><strong><a href=\"http:\/\/lasertecbrasil.com.br\/wp-content\/uploads\/2016\/09\/TruMark_Portugu%C3%AAs.pdf\" target=\"_blank\">Fa\u00e7a o download do Cat\u00e1logo aqui<\/a><\/strong><\/p>\n<h2 style=\"text-align: center;\">Contatos<\/h2>\n<p style=\"text-align: center;\"><strong><em>(11) 3567-5507 | (11) 2831-3612 &#8211;\u00a0comercial@lasertecbrasil.com.br<\/em><\/strong><\/p>\n","protected":false},"excerpt":{"rendered":"<p>TruMark Series 6000 Ferramentas de alto desempenho para prazos extremamente curtos de processamento e precis\u00e3o m\u00e1xima de marca\u00e7\u00e3o, com alta estabilidade. Componentes pesados. Mais detalhes &nbsp; TruMark 5010 Mobile Marker Flex\u00edvel marca\u00e7\u00e3o a laser m\u00f3vel, de marca\u00e7\u00e3o permanente para componentes &hellip; <a href=\"https:\/\/lasertecbrasil.com.br\/index.php\/produtos\/gravadora-a-laser-linha-trumark-da-trumpf\/\">Continuar lendo <span class=\"meta-nav\">&raquo;<\/span><\/a><\/p>\n","protected":false},"author":1,"featured_media":0,"parent":14,"menu_order":0,"comment_status":"closed","ping_status":"closed","template":"","meta":{"footnotes":""},"_links":{"self":[{"href":"https:\/\/lasertecbrasil.com.br\/index.php\/wp-json\/wp\/v2\/pages\/747"}],"collection":[{"href":"https:\/\/lasertecbrasil.com.br\/index.php\/wp-json\/wp\/v2\/pages"}],"about":[{"href":"https:\/\/lasertecbrasil.com.br\/index.php\/wp-json\/wp\/v2\/types\/page"}],"author":[{"embeddable":true,"href":"https:\/\/lasertecbrasil.com.br\/index.php\/wp-json\/wp\/v2\/users\/1"}],"replies":[{"embeddable":true,"href":"https:\/\/lasertecbrasil.com.br\/index.php\/wp-json\/wp\/v2\/comments?post=747"}],"version-history":[{"count":77,"href":"https:\/\/lasertecbrasil.com.br\/index.php\/wp-json\/wp\/v2\/pages\/747\/revisions"}],"predecessor-version":[{"id":1010,"href":"https:\/\/lasertecbrasil.com.br\/index.php\/wp-json\/wp\/v2\/pages\/747\/revisions\/1010"}],"up":[{"embeddable":true,"href":"https:\/\/lasertecbrasil.com.br\/index.php\/wp-json\/wp\/v2\/pages\/14"}],"wp:attachment":[{"href":"https:\/\/lasertecbrasil.com.br\/index.php\/wp-json\/wp\/v2\/media?parent=747"}],"curies":[{"name":"wp","href":"https:\/\/api.w.org\/{rel}","templated":true}]}}