{"id":45,"date":"2012-06-05T01:28:04","date_gmt":"2012-06-05T01:28:04","guid":{"rendered":"http:\/\/lasertech.localhost\/?page_id=45"},"modified":"2015-10-07T15:10:13","modified_gmt":"2015-10-07T15:10:13","slug":"maquinas-portateis","status":"publish","type":"page","link":"https:\/\/lasertecbrasil.com.br\/index.php\/produtos\/maquinas-portateis\/","title":{"rendered":"M\u00e1quinas port\u00e1teis"},"content":{"rendered":"<p style=\"text-align: justify;\"><strong>TESOURAS DE CORTE<\/strong><\/p>\n<p style=\"text-align: justify;\"><a href=\"http:\/\/lasertecbrasil.com.br\/wp-content\/uploads\/2012\/06\/tesoura-de-corte.gif\"><img loading=\"lazy\" decoding=\"async\" class=\"alignright size-full wp-image-179\" title=\"tesoura-de-corte\" src=\"http:\/\/lasertecbrasil.com.br\/wp-content\/uploads\/2012\/06\/tesoura-de-corte.gif\" alt=\"\" width=\"160\" height=\"130\" \/><\/a>El\u00e9trica<\/p>\n<div id=\"_mcePaste\">\n<ul>\n<li><a href=\"http:\/\/www.trumpf-powertools.com\/en\/products\/cutting-slitting-shears\/trutool-c-160.html\" target=\"_blank\">TruTool C 160<\/a><\/li>\n<li><a href=\"http:\/\/www.trumpf-powertools.com\/en\/products\/cutting-slitting-shears\/trutool-c-160-with-chip-breaker.html\">TruTool C 160 com alavanca de cortar<\/a><\/li>\n<li><a href=\"http:\/\/www.trumpf-powertools.com\/en\/products\/cutting-slitting-shears\/trutool-c-250-with-chip-breaker.html\">TruTool C 250 com alavanca de cortar<\/a><\/li>\n<\/ul>\n<\/div>\n<p><span style=\"color: #444444;\">________________________________________________________________<\/span><\/p>\n<p><strong>TESOURAS<\/strong><\/p>\n<p><img loading=\"lazy\" decoding=\"async\" class=\"alignright size-full wp-image-259\" src=\"http:\/\/lasertecbrasil.com.br\/wp-content\/uploads\/2012\/06\/2.gif\" alt=\"\" width=\"160\" height=\"130\" \/>El\u00e9trica<\/p>\n<ul>\n<li><a href=\"http:\/\/www.trumpf-powertools.com\/en\/products\/cutting-shears\/trutool-s-130.html\">TruTool S 130<\/a><\/li>\n<li><a href=\"http:\/\/www.trumpf-powertools.com\/en\/products\/cutting-shears\/trutool-s-160-e.html\">TruTool S 160 E<\/a><\/li>\n<li><a href=\"http:\/\/www.trumpf-powertools.com\/en\/products\/cutting-shears\/trutool-s-160.html\">TruTool S 160<\/a><\/li>\n<li><a href=\"http:\/\/www.trumpf-powertools.com\/en\/products\/cutting-shears\/trutool-s-114.html\">TruTool S 114<\/a><\/li>\n<li><a href=\"http:\/\/www.trumpf-powertools.com\/en\/products\/cutting-shears\/trutool-s-250.html\">TruTool S 250<\/a><\/li>\n<li><a href=\"http:\/\/www.trumpf-powertools.com\/en\/products\/cutting-shears\/trutool-s-350.html\">TruTool S 350<\/a><\/li>\n<li><a href=\"http:\/\/www.trumpf-powertools.com\/en\/products\/cutting-shears\/trutool-s-450.html\">TruTool S 450<\/a><\/li>\n<\/ul>\n<p>________________________________________________________________<\/p>\n<p><strong>PUNCIONADEIRAS<\/strong><\/p>\n<p><img loading=\"lazy\" decoding=\"async\" class=\"alignright size-full wp-image-260\" src=\"http:\/\/lasertecbrasil.com.br\/wp-content\/uploads\/2012\/06\/3.gif\" alt=\"\" width=\"160\" height=\"130\" \/>El\u00e9trica<\/p>\n<div>\n<ul>\n<li><a href=\"http:\/\/www.trumpf-powertools.com\/en\/products\/cutting-nibblers\/trutool-n-160-e.html\">TruTool N 160 E<\/a><\/li>\n<li><a href=\"http:\/\/www.trumpf-powertools.com\/en\/products\/cutting-profile-nibblers\/trutool-n-160-e-with-extension.html\">TruTool N 160 E c\/ extens\u00e3o<\/a><\/li>\n<li><a href=\"http:\/\/www.trumpf-powertools.com\/en\/products\/cutting-nibblers\/trutool-n-200.html\">TruTool N 200<\/a><\/li>\n<li><a href=\"http:\/\/www.trumpf-powertools.com\/en\/products\/cutting-nibblers\/trutool-n-350.html\">TruTool N 350<\/a><\/li>\n<li><a href=\"http:\/\/www.trumpf-powertools.com\/en\/products\/cutting-nibblers\/trutool-n-500.html\">TruTool N 500<\/a><\/li>\n<li><a href=\"http:\/\/www.trumpf-powertools.com\/en\/products\/cutting-nibblers\/trutool-n-700.html\">TruTool N 700<\/a><\/li>\n<li><a href=\"http:\/\/www.trumpf-powertools.com\/en\/products\/cutting-nibblers\/trutool-n-1000.html\">TruTool N 1000<\/a><\/li>\n<\/ul>\n<\/div>\n<p>________________________________________________________________<\/p>\n<p><span style=\"font-weight: bold;\">PUNCIONADEIRAS PARA PERFIS<\/span><\/p>\n<p><img loading=\"lazy\" decoding=\"async\" class=\"alignright size-full wp-image-261\" src=\"http:\/\/lasertecbrasil.com.br\/wp-content\/uploads\/2012\/06\/4.gif\" alt=\"\" width=\"160\" height=\"130\" \/>El\u00e9trica<\/p>\n<div>\n<ul>\n<li><a href=\"http:\/\/www.trumpf-powertools.com\/en\/products\/cutting-profile-nibblers\/trutool-pn-200.html\">TruTool PN 200<\/a><\/li>\n<li><a href=\"http:\/\/www.trumpf-powertools.com\/en\/products\/cutting-profile-nibblers\/trutool-pn-161.html\">TruTool PN 161<\/a><\/li>\n<li><a href=\"http:\/\/www.trumpf-powertools.com\/en\/products\/cutting-profile-nibblers\/trutool-pn-200-combination-of-short-and-long-tool.html\">TruTool PN 200 c\/ combina\u00e7\u00e3o de ferramenta de curto e longo<\/a><\/li>\n<\/ul>\n<\/div>\n<p>________________________________________________________________<\/p>\n<p><span style=\"font-weight: bold;\">FECHA DOBRA<\/span><\/p>\n<p><img loading=\"lazy\" decoding=\"async\" class=\"alignright size-full wp-image-262\" src=\"http:\/\/lasertecbrasil.com.br\/wp-content\/uploads\/2012\/06\/6.gif\" alt=\"\" width=\"160\" height=\"130\" \/>El\u00e9trica<\/p>\n<div>\n<ul>\n<li><a href=\"http:\/\/www.trumpf-powertools.com\/en\/products\/fastening-seam-lockers\/trutool-f-125.html\">TruTool F 125<\/a><\/li>\n<li><a href=\"http:\/\/www.trumpf-powertools.com\/en\/products\/fastening-seam-lockers\/trutool-f-301.html\">TruTool F 301<\/a><\/li>\n<li><a href=\"http:\/\/www.trumpf-powertools.com\/en\/products\/fastening-seam-lockers\/trutool-f-300.html\">TruTool F 300<\/a><\/li>\n<li><a href=\"http:\/\/www.trumpf-powertools.com\/en\/products\/fastening-seam-lockers\/trutool-f-300-with-1400-w-motor.html\">TruTool F 300 c\/motor 1400w<\/a><\/li>\n<li><a href=\"http:\/\/www.trumpf-powertools.com\/en\/products\/fastening-seam-lockers\/trutool-f-305.html\">TruTool F 305<\/a><\/li>\n<li><a href=\"http:\/\/www.trumpf-powertools.com\/en\/products\/fastening-seam-lockers\/trutool-f-140.html\">TruTool F 140<\/a><\/li>\n<li><a href=\"http:\/\/www.trumpf-powertools.com\/en\/products\/fastening-seam-lockers\/trutool-f-140-for-fan-blower.html\">TruTool F 140 para flange Ventilador flange Longe curto<\/a><\/li>\n<\/ul>\n<\/div>\n<p>________________________________________________________________<\/p>\n<p><strong>FIXADORAS<\/strong><\/p>\n<p><img loading=\"lazy\" decoding=\"async\" class=\"alignright size-full wp-image-263\" src=\"http:\/\/lasertecbrasil.com.br\/wp-content\/uploads\/2012\/06\/TruTool-TF-350.png\" alt=\"\" width=\"160\" height=\"130\" \/>El\u00e9trica<\/p>\n<div>\n<ul>\n<li><a href=\"http:\/\/www.trumpf-powertools.com\/en\/products\/fastening-power-fasteners\/trutool-tf-350.html\">TruTool TF 350<\/a><\/li>\n<\/ul>\n<\/div>\n<p>________________________________________________________________<\/p>\n<p><strong>CHANFRADEIRAS<\/strong><\/p>\n<p><img loading=\"lazy\" decoding=\"async\" class=\"alignright size-full wp-image-266\" src=\"http:\/\/lasertecbrasil.com.br\/wp-content\/uploads\/2012\/06\/91.gif\" alt=\"\" width=\"160\" height=\"130\" \/>El\u00e9trica<\/p>\n<div>\n<ul>\n<li><a href=\"http:\/\/www.trumpf-powertools.com\/en\/products\/bevelling-bevellers\/trutool-tkf-700.html\">TruTool TKF 700<\/a><\/li>\n<li><span style=\"color: #444444;\"><a href=\"http:\/\/www.trumpf-powertools.com\/en\/products\/bevelling-bevellers\/trutool-tkf-1100.html\">TruTool TKF 1100 <\/a><\/span><\/li>\n<li><span style=\"color: #444444;\"><a href=\"http:\/\/www.trumpf-powertools.com\/en\/products\/bevelling-bevellers\/trutool-tkf-1101.html\">TruTool TKF 1101<\/a><\/span><\/li>\n<li><span style=\"color: #444444;\"><a href=\"http:\/\/www.trumpf-powertools.com\/en\/products\/bevelling-bevellers\/trutool-tkf-1500.html\">TruTool TKF 1500<\/a><\/span><\/li>\n<li><a href=\"http:\/\/www.trumpf-powertools.com\/en\/products\/bevelling-bevellers\/trutool-tkf-1500-with-2-speed.html\">TruTool TKF 1500 PLUS c\/ duas velocidades<\/a><\/li>\n<li><a href=\"http:\/\/www.trumpf-powertools.com\/en\/products\/bevelling-bevellers\/trutool-tkf-1500-with-automatic-forward-feed.html\">TruTool TKF 1500 PLUS c\/ alimenta\u00e7\u00e3o autom\u00e1tica na frente<\/a><\/li>\n<li><a href=\"http:\/\/www.trumpf-powertools.com\/en\/products\/bevelling-bevellers\/trutool-tkf-1500-with-automatic-forward-feed-and-2-speed.html\">TruTool TKF 1500 PLUS c\/ alimenta\u00e7\u00e3o autom\u00e1tica na frente e duas veloc<span style=\"white-space: pre;\">idades<\/span><\/a><\/li>\n<li><a href=\"http:\/\/www.trumpf-powertools.com\/en\/products\/bevelling-bevellers\/trutool-tkf-2000-with-automatic-forward-feed.html\">TruTool TKF 2000 c\/ alimenta\u00e7\u00e3o autom\u00e1tica na frente<\/a><\/li>\n<\/ul>\n<\/div>\n<p>________________________________________________________________<\/p>\n<p><strong><img loading=\"lazy\" decoding=\"async\" class=\"alignright size-full wp-image-264\" src=\"http:\/\/lasertecbrasil.com.br\/wp-content\/uploads\/2012\/06\/8.gif\" alt=\"\" width=\"160\" height=\"130\" \/>CHANFRADEIRAS DEBASTADEIRA<\/strong><\/p>\n<p>El\u00e9trica<\/p>\n<div>\n<ul>\n<li><a href=\"http:\/\/www.trumpf-powertools.com\/en\/products\/bevelling-deburrers\/trutool-tka-500.html\">TruTool TKA 500 sem ferramenta integrada<\/a><\/li>\n<\/ul>\n<\/div>\n<p><span style=\"color: #444444; line-height: 23px;\">________________________________________________________________<\/span><\/p>\n<p><img loading=\"lazy\" decoding=\"async\" class=\"alignright size-full wp-image-267\" src=\"http:\/\/lasertecbrasil.com.br\/wp-content\/uploads\/2012\/06\/TruTool-TSC-100.jpg\" alt=\"\" width=\"160\" height=\"130\" \/><\/p>\n<p><strong>M\u00c1QUINA ESPECIAL PARA LIMPEZA DE GRADE LASER<\/strong><\/p>\n<p>El\u00e9trica<\/p>\n<div>\n<ul>\n<li><a href=\"http:\/\/www.trumpf-powertools.com\/en\/products\/special-machines\/trutool-tsc-100.html\">TSC 100<\/a><\/li>\n<\/ul>\n<\/div>\n<p><span style=\"color: #444444; line-height: 23px;\">________________________________________________________________<\/span><\/p>\n<p>&nbsp;<\/p>\n<p><strong><img loading=\"lazy\" decoding=\"async\" class=\"alignright\" src=\"http:\/\/lasertecbrasil.com.br\/wp-content\/uploads\/2015\/10\/tpc.png\" alt=\"\" width=\"172\" height=\"141\" \/><\/strong><\/p>\n<p><strong>SERRA PARA PAINEL<\/strong><\/p>\n<ul>\n<li><strong>\u00a0<\/strong><a href=\"http:\/\/www.trumpf-powertools.com\/en\/products\/cutting-panel-cutter\/trutool-tpc-165.html\" target=\"_blank\">TruTool TPC 165<\/a><\/li>\n<\/ul>\n","protected":false},"excerpt":{"rendered":"<p>TESOURAS DE CORTE El\u00e9trica TruTool C 160 TruTool C 160 com alavanca de cortar TruTool C 250 com alavanca de cortar ________________________________________________________________ TESOURAS El\u00e9trica TruTool S 130 TruTool S 160 E TruTool S 160 TruTool S 114 TruTool S 250 &hellip; <a href=\"https:\/\/lasertecbrasil.com.br\/index.php\/produtos\/maquinas-portateis\/\">Continuar lendo <span class=\"meta-nav\">&raquo;<\/span><\/a><\/p>\n","protected":false},"author":3,"featured_media":0,"parent":14,"menu_order":0,"comment_status":"closed","ping_status":"closed","template":"","meta":{"footnotes":""},"_links":{"self":[{"href":"https:\/\/lasertecbrasil.com.br\/index.php\/wp-json\/wp\/v2\/pages\/45"}],"collection":[{"href":"https:\/\/lasertecbrasil.com.br\/index.php\/wp-json\/wp\/v2\/pages"}],"about":[{"href":"https:\/\/lasertecbrasil.com.br\/index.php\/wp-json\/wp\/v2\/types\/page"}],"author":[{"embeddable":true,"href":"https:\/\/lasertecbrasil.com.br\/index.php\/wp-json\/wp\/v2\/users\/3"}],"replies":[{"embeddable":true,"href":"https:\/\/lasertecbrasil.com.br\/index.php\/wp-json\/wp\/v2\/comments?post=45"}],"version-history":[{"count":9,"href":"https:\/\/lasertecbrasil.com.br\/index.php\/wp-json\/wp\/v2\/pages\/45\/revisions"}],"predecessor-version":[{"id":932,"href":"https:\/\/lasertecbrasil.com.br\/index.php\/wp-json\/wp\/v2\/pages\/45\/revisions\/932"}],"up":[{"embeddable":true,"href":"https:\/\/lasertecbrasil.com.br\/index.php\/wp-json\/wp\/v2\/pages\/14"}],"wp:attachment":[{"href":"https:\/\/lasertecbrasil.com.br\/index.php\/wp-json\/wp\/v2\/media?parent=45"}],"curies":[{"name":"wp","href":"https:\/\/api.w.org\/{rel}","templated":true}]}}