{"id":107,"date":"2012-06-17T22:53:22","date_gmt":"2012-06-17T22:53:22","guid":{"rendered":"http:\/\/lasertecbrasil.com.br\/web\/?page_id=107"},"modified":"2014-09-10T16:35:31","modified_gmt":"2014-09-10T16:35:31","slug":"representante-oficial","status":"publish","type":"page","link":"https:\/\/lasertecbrasil.com.br\/index.php\/a-empresa\/representante-oficial\/","title":{"rendered":"Representante oficial"},"content":{"rendered":"<p style=\"text-align: justify;\">A TRUMPF tem um novo representante para o Estado de S\u00e3o Paulo.<br \/>\nMas ele j\u00e1 \u00e9 da fam\u00edlia TRUMPF h\u00e1 muito tempo!<\/p>\n<p style=\"text-align: justify;\">\u00c9 com satisfa\u00e7\u00e3o que apresentamos nosso novo representante comercial para o Estado de S\u00e3o Paulo: Paulo S\u00e9rgio de Oliveira.<\/p>\n<p style=\"text-align: justify;\">Ele foi nosso vendedor interno nos \u00faltimos 23 anos e conhece como poucos o funcionamento das m\u00e1quinas TRUMPF.<\/p>\n<p style=\"text-align: justify;\">Agora com uma empresa pr\u00f3pria &#8211; a LASERTEC DO BRASIL &#8211; ele \u00e9 o novo representante comercial para os produtos abaixo:<\/p>\n<ul style=\"text-align: justify;\">\n<li>M\u00e1quinas Port\u00e1teis<\/li>\n<li>Ferramental para Puncionadeiras<\/li>\n<li>Produtos Consum\u00edveis<\/li>\n<li>M\u00e1quinas de Grava\u00e7\u00e3o \u00e0 Laser<\/li>\n<\/ul>\n<p style=\"text-align: justify;\">Tudo o que voc\u00ea precisar nestas tr\u00eas \u00e1reas, dentro do Estado de S\u00e3o Paulo, pode contar com a experi\u00eancia do Paulo Oliveira, a agilidade da LASERTEC e a excel\u00eancia de qualidade das m\u00e1quinas TRUMPF.<\/p>\n","protected":false},"excerpt":{"rendered":"<p>A TRUMPF tem um novo representante para o Estado de S\u00e3o Paulo. Mas ele j\u00e1 \u00e9 da fam\u00edlia TRUMPF h\u00e1 muito tempo! \u00c9 com satisfa\u00e7\u00e3o que apresentamos nosso novo representante comercial para o Estado de S\u00e3o Paulo: Paulo S\u00e9rgio de &hellip; <a href=\"https:\/\/lasertecbrasil.com.br\/index.php\/a-empresa\/representante-oficial\/\">Continuar lendo <span class=\"meta-nav\">&raquo;<\/span><\/a><\/p>\n","protected":false},"author":3,"featured_media":0,"parent":13,"menu_order":0,"comment_status":"closed","ping_status":"closed","template":"","meta":{"footnotes":""},"_links":{"self":[{"href":"https:\/\/lasertecbrasil.com.br\/index.php\/wp-json\/wp\/v2\/pages\/107"}],"collection":[{"href":"https:\/\/lasertecbrasil.com.br\/index.php\/wp-json\/wp\/v2\/pages"}],"about":[{"href":"https:\/\/lasertecbrasil.com.br\/index.php\/wp-json\/wp\/v2\/types\/page"}],"author":[{"embeddable":true,"href":"https:\/\/lasertecbrasil.com.br\/index.php\/wp-json\/wp\/v2\/users\/3"}],"replies":[{"embeddable":true,"href":"https:\/\/lasertecbrasil.com.br\/index.php\/wp-json\/wp\/v2\/comments?post=107"}],"version-history":[{"count":4,"href":"https:\/\/lasertecbrasil.com.br\/index.php\/wp-json\/wp\/v2\/pages\/107\/revisions"}],"predecessor-version":[{"id":730,"href":"https:\/\/lasertecbrasil.com.br\/index.php\/wp-json\/wp\/v2\/pages\/107\/revisions\/730"}],"up":[{"embeddable":true,"href":"https:\/\/lasertecbrasil.com.br\/index.php\/wp-json\/wp\/v2\/pages\/13"}],"wp:attachment":[{"href":"https:\/\/lasertecbrasil.com.br\/index.php\/wp-json\/wp\/v2\/media?parent=107"}],"curies":[{"name":"wp","href":"https:\/\/api.w.org\/{rel}","templated":true}]}}